{"id":9531,"date":"2023-09-07T13:41:54","date_gmt":"2023-09-07T13:41:54","guid":{"rendered":"https:\/\/emiksa.com\/?page_id=9531"},"modified":"2023-09-07T13:44:26","modified_gmt":"2023-09-07T13:44:26","slug":"packaging-offers","status":"publish","type":"page","link":"https:\/\/emiksa.com\/en\/packaging-offers\/","title":{"rendered":"Packaging &#038; Offers"},"content":{"rendered":"<div id=\"fws_69e3042b7ef62\"  data-column-margin=\"default\" data-midnight=\"dark\"  class=\"wpb_row vc_row-fluid vc_row\"  style=\"padding-top: 0px; padding-bottom: 0px; \"><div class=\"row-bg-wrap\" data-bg-animation=\"none\" data-bg-animation-delay=\"\" data-bg-overlay=\"false\"><div class=\"inner-wrap row-bg-layer\" ><div class=\"row-bg viewport-desktop\"  style=\"\"><\/div><\/div><\/div><div class=\"row_col_wrap_12 col span_12 dark left\">\n\t<div  class=\"vc_col-sm-12 wpb_column column_container vc_column_container col no-extra-padding inherit_tablet inherit_phone\"  data-padding-pos=\"all\" data-has-bg-color=\"false\" data-bg-color=\"\" data-bg-opacity=\"1\" data-animation=\"\" data-delay=\"0\" >\n\t\t<div class=\"vc_column-inner\" >\n\t\t\t<div class=\"wpb_wrapper\">\n\t\t\t\t\n<div class=\"row\">\n\n <div class=\"post-area col  span_12 col_last masonry auto_meta_overlaid_spaced\" data-ams=\"4px\" data-remove-post-date=\"\" data-remove-post-author=\"\" data-remove-post-comment-number=\"\" data-remove-post-nectar-love=\"\"> <div class=\"posts-container\" data-load-animation=\"none\">     \n     \n<article id=\"post-12974\" class=\"masonry-blog-item post-12974 post type-post status-publish format-standard category-courses\">  \n    \n  <div class=\"inner-wrap animated\">\n    \n    <div class=\"post-content\">\n\n      <div class=\"content-inner\">\n        \n        <a class=\"entire-meta-link\" href=\"https:\/\/emiksa.com\/en\/a-bright-tour-of-the-casino-lobby-where-the-fun-begins\/\" aria-label=\"A Bright Tour of the Casino Lobby: Where the Fun Begins\"><\/a>\n        \n        <span class=\"post-featured-img no-img\"><\/span>        \n        <div class=\"article-content-wrap\">\n          \n          <span class=\"meta-category\"><a class=\"courses\" href=\"https:\/\/emiksa.com\/en\/category\/courses\/\">Courses<\/a><\/span>          \n          <div class=\"post-header\">\n            <h3 class=\"title\"><a href=\"https:\/\/emiksa.com\/en\/a-bright-tour-of-the-casino-lobby-where-the-fun-begins\/\"> A Bright Tour of the Casino Lobby: Where the Fun Begins<\/a><\/h3>\n                      <\/div>\n          \n        <\/div><!--article-content-wrap-->\n        \n      <\/div><!--\/content-inner-->\n        \n    <\/div><!--\/post-content-->\n      \n  <\/div><!--\/inner-wrap-->\n    \n<\/article>     \n     \n<article id=\"post-12972\" class=\"masonry-blog-item post-12972 post type-post status-publish format-standard category-courses\">  \n    \n  <div class=\"inner-wrap animated\">\n    \n    <div class=\"post-content\">\n\n      <div class=\"content-inner\">\n        \n        <a class=\"entire-meta-link\" href=\"https:\/\/emiksa.com\/en\/7-insider-secrets-to-maximize-your-bonuses-at-elitbet\/\" aria-label=\"7 Insider Secrets to Maximize Your Bonuses at Elitbet\"><\/a>\n        \n        <span class=\"post-featured-img no-img\"><\/span>        \n        <div class=\"article-content-wrap\">\n          \n          <span class=\"meta-category\"><a class=\"courses\" href=\"https:\/\/emiksa.com\/en\/category\/courses\/\">Courses<\/a><\/span>          \n          <div class=\"post-header\">\n            <h3 class=\"title\"><a href=\"https:\/\/emiksa.com\/en\/7-insider-secrets-to-maximize-your-bonuses-at-elitbet\/\"> 7 Insider Secrets to Maximize Your Bonuses at Elitbet<\/a><\/h3>\n                      <\/div>\n          \n        <\/div><!--article-content-wrap-->\n        \n      <\/div><!--\/content-inner-->\n        \n    <\/div><!--\/post-content-->\n      \n  <\/div><!--\/inner-wrap-->\n    \n<\/article>     \n     \n<article id=\"post-12968\" class=\"masonry-blog-item post-12968 post type-post status-publish format-standard category-courses\">  \n    \n  <div class=\"inner-wrap animated\">\n    \n    <div class=\"post-content\">\n\n      <div class=\"content-inner\">\n        \n        <a class=\"entire-meta-link\" href=\"https:\/\/emiksa.com\/en\/cele-mai-bune-cazinouri-online-pentru-retrageri-fara-a-trimite-documente-cazinou-online-princess-romania-sign-up-today\/\" aria-label=\"Cele Mai Bune Cazinouri Online Pentru Retrageri F\u0103r\u0103 A Trimite Documente Cazinou online Princess  Rom\u00e2nia Sign Up Today\"><\/a>\n        \n        <span class=\"post-featured-img no-img\"><\/span>        \n        <div class=\"article-content-wrap\">\n          \n          <span class=\"meta-category\"><a class=\"courses\" href=\"https:\/\/emiksa.com\/en\/category\/courses\/\">Courses<\/a><\/span>          \n          <div class=\"post-header\">\n            <h3 class=\"title\"><a href=\"https:\/\/emiksa.com\/en\/cele-mai-bune-cazinouri-online-pentru-retrageri-fara-a-trimite-documente-cazinou-online-princess-romania-sign-up-today\/\"> Cele Mai Bune Cazinouri Online Pentru Retrageri F\u0103r\u0103 A Trimite Documente Cazinou online Princess  Rom\u00e2nia Sign Up Today<\/a><\/h3>\n                      <\/div>\n          \n        <\/div><!--article-content-wrap-->\n        \n      <\/div><!--\/content-inner-->\n        \n    <\/div><!--\/post-content-->\n      \n  <\/div><!--\/inner-wrap-->\n    \n<\/article>     \n     \n<article id=\"post-12966\" class=\"masonry-blog-item post-12966 post type-post status-publish format-standard category-courses\">  \n    \n  <div class=\"inner-wrap animated\">\n    \n    <div class=\"post-content\">\n\n      <div class=\"content-inner\">\n        \n        <a class=\"entire-meta-link\" href=\"https:\/\/emiksa.com\/en\/sappige-vegas-geen-stortingsbonuscodes-2025-gratis-spins-nederland-online-casino-igo-bet\/\" aria-label=\"Sappige Vegas Geen Stortingsbonuscodes 2025 Gratis Spins \u2014 Nederland  Online casino Igo Bet\"><\/a>\n        \n        <span class=\"post-featured-img no-img\"><\/span>        \n        <div class=\"article-content-wrap\">\n          \n          <span class=\"meta-category\"><a class=\"courses\" href=\"https:\/\/emiksa.com\/en\/category\/courses\/\">Courses<\/a><\/span>          \n          <div class=\"post-header\">\n            <h3 class=\"title\"><a href=\"https:\/\/emiksa.com\/en\/sappige-vegas-geen-stortingsbonuscodes-2025-gratis-spins-nederland-online-casino-igo-bet\/\"> Sappige Vegas Geen Stortingsbonuscodes 2025 Gratis Spins \u2014 Nederland  Online casino Igo Bet<\/a><\/h3>\n                      <\/div>\n          \n        <\/div><!--article-content-wrap-->\n        \n      <\/div><!--\/content-inner-->\n        \n    <\/div><!--\/post-content-->\n      \n  <\/div><!--\/inner-wrap-->\n    \n<\/article>     \n     \n<article id=\"post-12964\" class=\"masonry-blog-item post-12964 post type-post status-publish format-standard category-courses\">  \n    \n  <div class=\"inner-wrap animated\">\n    \n    <div class=\"post-content\">\n\n      <div class=\"content-inner\">\n        \n        <a class=\"entire-meta-link\" href=\"https:\/\/emiksa.com\/en\/fresh-content-offer-choice-apaldo-casino-philippine-region\/\" aria-label=\"Fresh Content Offer Choice. Apaldo casino \u2022 Philippine region\"><\/a>\n        \n        <span class=\"post-featured-img no-img\"><\/span>        \n        <div class=\"article-content-wrap\">\n          \n          <span class=\"meta-category\"><a class=\"courses\" href=\"https:\/\/emiksa.com\/en\/category\/courses\/\">Courses<\/a><\/span>          \n          <div class=\"post-header\">\n            <h3 class=\"title\"><a href=\"https:\/\/emiksa.com\/en\/fresh-content-offer-choice-apaldo-casino-philippine-region\/\"> Fresh Content Offer Choice. Apaldo casino \u2022 Philippine region<\/a><\/h3>\n                      <\/div>\n          \n        <\/div><!--article-content-wrap-->\n        \n      <\/div><!--\/content-inner-->\n        \n    <\/div><!--\/post-content-->\n      \n  <\/div><!--\/inner-wrap-->\n    \n<\/article>     \n     \n<article id=\"post-12962\" class=\"masonry-blog-item post-12962 post type-post status-publish format-standard category-courses\">  \n    \n  <div class=\"inner-wrap animated\">\n    \n    <div class=\"post-content\">\n\n      <div class=\"content-inner\">\n        \n        <a class=\"entire-meta-link\" href=\"https:\/\/emiksa.com\/en\/azonnali-kifizetesu-online-kaszinok-ausztraliaban-online-kaszino-verde-magyar-koztarsasag\/\" aria-label=\"Azonnali Kifizet\u00e9s\u0171 Online Kaszin\u00f3k Ausztr\u00e1li\u00e1ban Online kaszin\u00f3 Verde \u2014 Magyar K\u00f6zt\u00e1rsas\u00e1g\"><\/a>\n        \n        <span class=\"post-featured-img no-img\"><\/span>        \n        <div class=\"article-content-wrap\">\n          \n          <span class=\"meta-category\"><a class=\"courses\" href=\"https:\/\/emiksa.com\/en\/category\/courses\/\">Courses<\/a><\/span>          \n          <div class=\"post-header\">\n            <h3 class=\"title\"><a href=\"https:\/\/emiksa.com\/en\/azonnali-kifizetesu-online-kaszinok-ausztraliaban-online-kaszino-verde-magyar-koztarsasag\/\"> Azonnali Kifizet\u00e9s\u0171 Online Kaszin\u00f3k Ausztr\u00e1li\u00e1ban Online kaszin\u00f3 Verde \u2014 Magyar K\u00f6zt\u00e1rsas\u00e1g<\/a><\/h3>\n                      <\/div>\n          \n        <\/div><!--article-content-wrap-->\n        \n      <\/div><!--\/content-inner-->\n        \n    <\/div><!--\/post-content-->\n      \n  <\/div><!--\/inner-wrap-->\n    \n<\/article>     \n     \n<article id=\"post-12946\" class=\"masonry-blog-item post-12946 post type-post status-publish format-standard category-courses\">  \n    \n  <div class=\"inner-wrap animated\">\n    \n    <div class=\"post-content\">\n\n      <div class=\"content-inner\">\n        \n        <a class=\"entire-meta-link\" href=\"https:\/\/emiksa.com\/en\/traditional-requital-methods-within-australia-mbit-casino\/\" aria-label=\"Traditional Requital Methods \u2013 within Australia  Mbit casino\"><\/a>\n        \n        <span class=\"post-featured-img no-img\"><\/span>        \n        <div class=\"article-content-wrap\">\n          \n          <span class=\"meta-category\"><a class=\"courses\" href=\"https:\/\/emiksa.com\/en\/category\/courses\/\">Courses<\/a><\/span>          \n          <div class=\"post-header\">\n            <h3 class=\"title\"><a href=\"https:\/\/emiksa.com\/en\/traditional-requital-methods-within-australia-mbit-casino\/\"> Traditional Requital Methods \u2013 within Australia  Mbit casino<\/a><\/h3>\n                      <\/div>\n          \n        <\/div><!--article-content-wrap-->\n        \n      <\/div><!--\/content-inner-->\n        \n    <\/div><!--\/post-content-->\n      \n  <\/div><!--\/inner-wrap-->\n    \n<\/article>     \n     \n<article id=\"post-12944\" class=\"masonry-blog-item post-12944 post type-post status-publish format-standard category-courses\">  \n    \n  <div class=\"inner-wrap animated\">\n    \n    <div class=\"post-content\">\n\n      <div class=\"content-inner\">\n        \n        <a class=\"entire-meta-link\" href=\"https:\/\/emiksa.com\/en\/table-secret-plan-and-exist-bargainer-options-canadian-market-online-casino-rich-royal\/\" aria-label=\"Table Secret Plan And Exist Bargainer Options \u2022 Canadian market  Online casino Rich Royal\"><\/a>\n        \n        <span class=\"post-featured-img no-img\"><\/span>        \n        <div class=\"article-content-wrap\">\n          \n          <span class=\"meta-category\"><a class=\"courses\" href=\"https:\/\/emiksa.com\/en\/category\/courses\/\">Courses<\/a><\/span>          \n          <div class=\"post-header\">\n            <h3 class=\"title\"><a href=\"https:\/\/emiksa.com\/en\/table-secret-plan-and-exist-bargainer-options-canadian-market-online-casino-rich-royal\/\"> Table Secret Plan And Exist Bargainer Options \u2022 Canadian market  Online casino Rich Royal<\/a><\/h3>\n                      <\/div>\n          \n        <\/div><!--article-content-wrap-->\n        \n      <\/div><!--\/content-inner-->\n        \n    <\/div><!--\/post-content-->\n      \n  <\/div><!--\/inner-wrap-->\n    \n<\/article>     \n     \n<article id=\"post-12942\" class=\"masonry-blog-item post-12942 post type-post status-publish format-standard category-courses\">  \n    \n  <div class=\"inner-wrap animated\">\n    \n    <div class=\"post-content\">\n\n      <div class=\"content-inner\">\n        \n        <a class=\"entire-meta-link\" href=\"https:\/\/emiksa.com\/en\/master-top-online-casino-roulette-australia-ozwin-casino\/\" aria-label=\"Master Top Online Casino Roulette  Australia  ozwin casino\"><\/a>\n        \n        <span class=\"post-featured-img no-img\"><\/span>        \n        <div class=\"article-content-wrap\">\n          \n          <span class=\"meta-category\"><a class=\"courses\" href=\"https:\/\/emiksa.com\/en\/category\/courses\/\">Courses<\/a><\/span>          \n          <div class=\"post-header\">\n            <h3 class=\"title\"><a href=\"https:\/\/emiksa.com\/en\/master-top-online-casino-roulette-australia-ozwin-casino\/\"> Master Top Online Casino Roulette  Australia  ozwin casino<\/a><\/h3>\n                      <\/div>\n          \n        <\/div><!--article-content-wrap-->\n        \n      <\/div><!--\/content-inner-->\n        \n    <\/div><!--\/post-content-->\n      \n  <\/div><!--\/inner-wrap-->\n    \n<\/article>     \n     \n<article id=\"post-12940\" class=\"masonry-blog-item post-12940 post type-post status-publish format-standard category-courses\">  \n    \n  <div class=\"inner-wrap animated\">\n    \n    <div class=\"post-content\">\n\n      <div class=\"content-inner\">\n        \n        <a class=\"entire-meta-link\" href=\"https:\/\/emiksa.com\/en\/try-cartoon-themed-slot-machines-for-fun-casino-shambala-oceania\/\" aria-label=\"Try Cartoon-Themed Slot Machines For Fun casino shambala  Oceania\"><\/a>\n        \n        <span class=\"post-featured-img no-img\"><\/span>        \n        <div class=\"article-content-wrap\">\n          \n          <span class=\"meta-category\"><a class=\"courses\" href=\"https:\/\/emiksa.com\/en\/category\/courses\/\">Courses<\/a><\/span>          \n          <div class=\"post-header\">\n            <h3 class=\"title\"><a href=\"https:\/\/emiksa.com\/en\/try-cartoon-themed-slot-machines-for-fun-casino-shambala-oceania\/\"> Try Cartoon-Themed Slot Machines For Fun casino shambala  Oceania<\/a><\/h3>\n                      <\/div>\n          \n        <\/div><!--article-content-wrap-->\n        \n      <\/div><!--\/content-inner-->\n        \n    <\/div><!--\/post-content-->\n      \n  <\/div><!--\/inner-wrap-->\n    \n<\/article>    \n    <\/div><!--\/posts container-->\n    \n      \n<\/div><!--\/post area-->\n\n  \n\n<\/div>\n\n\n\t\t\t<\/div> \n\t\t<\/div>\n\t<\/div> \n<\/div><\/div>","protected":false},"excerpt":{"rendered":"Our expert proffer tip and sixth sense to encouragement your bump of winner when act on-line dogshit , and you buttocks as well child's play ca-ca for complimentary Indiana demonstrate...","protected":false},"author":1,"featured_media":0,"parent":0,"menu_order":0,"comment_status":"closed","ping_status":"closed","template":"","meta":{"_joinchat":[],"footnotes":""},"class_list":["post-9531","page","type-page","status-publish"],"_links":{"self":[{"href":"https:\/\/emiksa.com\/en\/wp-json\/wp\/v2\/pages\/9531","targetHints":{"allow":["GET"]}}],"collection":[{"href":"https:\/\/emiksa.com\/en\/wp-json\/wp\/v2\/pages"}],"about":[{"href":"https:\/\/emiksa.com\/en\/wp-json\/wp\/v2\/types\/page"}],"author":[{"embeddable":true,"href":"https:\/\/emiksa.com\/en\/wp-json\/wp\/v2\/users\/1"}],"replies":[{"embeddable":true,"href":"https:\/\/emiksa.com\/en\/wp-json\/wp\/v2\/comments?post=9531"}],"version-history":[{"count":5,"href":"https:\/\/emiksa.com\/en\/wp-json\/wp\/v2\/pages\/9531\/revisions"}],"predecessor-version":[{"id":9537,"href":"https:\/\/emiksa.com\/en\/wp-json\/wp\/v2\/pages\/9531\/revisions\/9537"}],"wp:attachment":[{"href":"https:\/\/emiksa.com\/en\/wp-json\/wp\/v2\/media?parent=9531"}],"curies":[{"name":"wp","href":"https:\/\/api.w.org\/{rel}","templated":true}]}}